{"id":633,"date":"2020-08-27T16:17:52","date_gmt":"2020-08-27T19:17:52","guid":{"rendered":"http:\/\/nossafauna.com.br\/?page_id=633"},"modified":"2026-03-11T15:01:33","modified_gmt":"2026-03-11T18:01:33","slug":"pousada-paco-do-lavradio","status":"publish","type":"page","link":"https:\/\/nossafauna.com.br\/?page_id=633","title":{"rendered":"Pousada Pa\u00e7o do Lavradio"},"content":{"rendered":"\t\t<div data-elementor-type=\"wp-page\" data-elementor-id=\"633\" class=\"elementor elementor-633\">\n\t\t\t\t\t\t<section class=\"elementor-section elementor-top-section elementor-element elementor-element-e54526a elementor-section-height-min-height elementor-section-boxed elementor-section-height-default elementor-section-items-middle\" data-id=\"e54526a\" data-element_type=\"section\" data-e-type=\"section\" data-settings=\"{&quot;background_background&quot;:&quot;classic&quot;}\">\n\t\t\t\t\t\t<div class=\"elementor-container elementor-column-gap-default\">\n\t\t\t\t\t<div class=\"elementor-column elementor-col-100 elementor-top-column elementor-element elementor-element-4f1af96\" data-id=\"4f1af96\" data-element_type=\"column\" data-e-type=\"column\">\n\t\t\t<div class=\"elementor-widget-wrap elementor-element-populated\">\n\t\t\t\t\t\t<section class=\"elementor-section elementor-inner-section elementor-element elementor-element-ad8b860 elementor-section-height-min-height elementor-section-boxed elementor-section-height-default\" data-id=\"ad8b860\" data-element_type=\"section\" data-e-type=\"section\" data-settings=\"{&quot;background_background&quot;:&quot;classic&quot;}\">\n\t\t\t\t\t\t<div class=\"elementor-container elementor-column-gap-default\">\n\t\t\t\t\t<div class=\"elementor-column elementor-col-50 elementor-inner-column elementor-element elementor-element-c385cc4\" data-id=\"c385cc4\" data-element_type=\"column\" data-e-type=\"column\">\n\t\t\t<div class=\"elementor-widget-wrap elementor-element-populated\">\n\t\t\t\t\t\t<div class=\"elementor-element elementor-element-183aa03 elementor-widget elementor-widget-image\" data-id=\"183aa03\" data-element_type=\"widget\" data-e-type=\"widget\" data-widget_type=\"image.default\">\n\t\t\t\t<div class=\"elementor-widget-container\">\n\t\t\t\t\t\t\t\t\t\t\t\t\t\t\t<img fetchpriority=\"high\" decoding=\"async\" width=\"768\" height=\"500\" src=\"https:\/\/nossafauna.com.br\/wp-content\/uploads\/2020\/10\/Pac\u0327o-do-Lavradio-768x500.png\" class=\"attachment-medium_large size-medium_large wp-image-1904\" alt=\"\" srcset=\"https:\/\/nossafauna.com.br\/wp-content\/uploads\/2020\/10\/Pac\u0327o-do-Lavradio-768x500.png 768w, https:\/\/nossafauna.com.br\/wp-content\/uploads\/2020\/10\/Pac\u0327o-do-Lavradio-300x195.png 300w, https:\/\/nossafauna.com.br\/wp-content\/uploads\/2020\/10\/Pac\u0327o-do-Lavradio.png 794w\" sizes=\"(max-width: 768px) 100vw, 768px\" \/>\t\t\t\t\t\t\t\t\t\t\t\t\t\t\t<\/div>\n\t\t\t\t<\/div>\n\t\t\t\t\t<\/div>\n\t\t<\/div>\n\t\t\t\t<div class=\"elementor-column elementor-col-50 elementor-inner-column elementor-element elementor-element-01b454d\" data-id=\"01b454d\" data-element_type=\"column\" data-e-type=\"column\">\n\t\t\t<div class=\"elementor-widget-wrap elementor-element-populated\">\n\t\t\t\t\t\t<div class=\"elementor-element elementor-element-ccd067f elementor-widget elementor-widget-image\" data-id=\"ccd067f\" data-element_type=\"widget\" data-e-type=\"widget\" data-widget_type=\"image.default\">\n\t\t\t\t<div class=\"elementor-widget-container\">\n\t\t\t\t\t\t\t\t\t\t\t\t\t\t\t<img decoding=\"async\" width=\"300\" height=\"150\" src=\"https:\/\/nossafauna.com.br\/wp-content\/uploads\/2020\/11\/Logo-Pac\u0327o-do-Lavradio-transparente-300x150.png\" class=\"attachment-medium size-medium wp-image-2165\" alt=\"\" srcset=\"https:\/\/nossafauna.com.br\/wp-content\/uploads\/2020\/11\/Logo-Pac\u0327o-do-Lavradio-transparente-300x150.png 300w, https:\/\/nossafauna.com.br\/wp-content\/uploads\/2020\/11\/Logo-Pac\u0327o-do-Lavradio-transparente-768x383.png 768w, https:\/\/nossafauna.com.br\/wp-content\/uploads\/2020\/11\/Logo-Pac\u0327o-do-Lavradio-transparente.png 964w\" sizes=\"(max-width: 300px) 100vw, 300px\" \/>\t\t\t\t\t\t\t\t\t\t\t\t\t\t\t<\/div>\n\t\t\t\t<\/div>\n\t\t\t\t<div class=\"elementor-element elementor-element-76f6d6a elementor-widget elementor-widget-text-editor\" data-id=\"76f6d6a\" data-element_type=\"widget\" data-e-type=\"widget\" data-widget_type=\"text-editor.default\">\n\t\t\t\t<div class=\"elementor-widget-container\">\n\t\t\t\t\t\t\t\t\t<p><a href=\"#mapapacolavradio\">Localiza\u00e7\u00e3o<\/a>: S\u00e3o Jo\u00e3o Del Rei, MG<\/p><p>Visitar website: <a href=\"http:\/\/www.pacodolavradio.com.br\">www.pacodolavradio.com.br<\/a><\/p><p><span style=\"font-size: medium;\">Na Pousada Pa\u00e7o do Lavradio, al\u00e9m de desfrutar do descanso em meio a um ambiente aconchegante, voc\u00ea poder\u00e1 conhecer v\u00e1rios animais que dar\u00e3o \u00e0 sua estadia um colorido especial.<\/span><\/p>\t\t\t\t\t\t\t\t<\/div>\n\t\t\t\t<\/div>\n\t\t\t\t\t<\/div>\n\t\t<\/div>\n\t\t\t\t\t<\/div>\n\t\t<\/section>\n\t\t\t\t\t<\/div>\n\t\t<\/div>\n\t\t\t\t\t<\/div>\n\t\t<\/section>\n\t\t\t\t<section class=\"elementor-section elementor-top-section elementor-element elementor-element-a12dd3c elementor-section-boxed elementor-section-height-default elementor-section-height-default\" data-id=\"a12dd3c\" data-element_type=\"section\" data-e-type=\"section\" data-settings=\"{&quot;background_background&quot;:&quot;classic&quot;}\">\n\t\t\t\t\t\t<div class=\"elementor-container elementor-column-gap-default\">\n\t\t\t\t\t<div class=\"elementor-column elementor-col-100 elementor-top-column elementor-element elementor-element-f5ec948\" data-id=\"f5ec948\" data-element_type=\"column\" data-e-type=\"column\" data-settings=\"{&quot;background_background&quot;:&quot;classic&quot;}\">\n\t\t\t<div class=\"elementor-widget-wrap elementor-element-populated\">\n\t\t\t\t\t\t<div class=\"elementor-element elementor-element-8c28057 elementor-widget elementor-widget-text-editor\" data-id=\"8c28057\" data-element_type=\"widget\" data-e-type=\"widget\" data-widget_type=\"text-editor.default\">\n\t\t\t\t<div class=\"elementor-widget-container\">\n\t\t\t\t\t\t\t\t\t<div style=\"border-radius: 25px; background-color: #c4ddb2; padding: 20px;\"><span style=\"font-size: medium;\">Para baixar a lista completa da fauna da Pa\u00e7o do Lavradio <a href=\"http:\/\/nossafauna.com.br\/wp-content\/uploads\/2021\/12\/Lista-de-fauna-Pac\u0327o-do-Lavradio.pdf\">clique aqui<\/a>.<br \/>Para baixar o Guia das Aves da Pousada Pa\u00e7o do Lavradio <a href=\"http:\/\/nossafauna.com.br\/wp-content\/uploads\/2024\/06\/Guia-das-aves-da-Pousada-Paco-do-Lavradio.pdf\">clique aqui<\/a>.<br \/><\/span><\/div>\t\t\t\t\t\t\t\t<\/div>\n\t\t\t\t<\/div>\n\t\t\t\t\t<\/div>\n\t\t<\/div>\n\t\t\t\t\t<\/div>\n\t\t<\/section>\n\t\t\t\t<section class=\"elementor-section elementor-top-section elementor-element elementor-element-b6c241f elementor-section-boxed elementor-section-height-default elementor-section-height-default\" data-id=\"b6c241f\" data-element_type=\"section\" data-e-type=\"section\" data-settings=\"{&quot;background_background&quot;:&quot;classic&quot;}\">\n\t\t\t\t\t\t<div class=\"elementor-container elementor-column-gap-default\">\n\t\t\t\t\t<div class=\"elementor-column elementor-col-100 elementor-top-column elementor-element elementor-element-bde86a1\" data-id=\"bde86a1\" data-element_type=\"column\" data-e-type=\"column\">\n\t\t\t<div class=\"elementor-widget-wrap elementor-element-populated\">\n\t\t\t\t\t\t<div class=\"elementor-element elementor-element-031f06d elementor-widget elementor-widget-menu-anchor\" data-id=\"031f06d\" data-element_type=\"widget\" data-e-type=\"widget\" data-widget_type=\"menu-anchor.default\">\n\t\t\t\t<div class=\"elementor-widget-container\">\n\t\t\t\t\t\t\t<div class=\"elementor-menu-anchor\" id=\"mapapacolavradio\"><\/div>\n\t\t\t\t\t\t<\/div>\n\t\t\t\t<\/div>\n\t\t\t\t<div class=\"elementor-element elementor-element-7dded4e elementor-widget elementor-widget-google_maps\" data-id=\"7dded4e\" data-element_type=\"widget\" data-e-type=\"widget\" data-widget_type=\"google_maps.default\">\n\t\t\t\t<div class=\"elementor-widget-container\">\n\t\t\t\t\t\t\t<div class=\"elementor-custom-embed\">\n\t\t\t<iframe loading=\"lazy\"\n\t\t\t\t\tsrc=\"https:\/\/maps.google.com\/maps?q=Pousada%20Pa%C3%A7o%20do%20Lavradio%2C%20R.%20Jos%C3%A9%20Br%C3%A1ulio%20de%20Santana%2C%2020%20S%C3%A3o%20Jo%C3%A3o%20Del%20Rei%2C%20MG&#038;t=m&#038;z=10&#038;output=embed&#038;iwloc=near\"\n\t\t\t\t\ttitle=\"Pousada Pa\u00e7o do Lavradio, R. Jos\u00e9 Br\u00e1ulio de Santana, 20 S\u00e3o Jo\u00e3o Del Rei, MG\"\n\t\t\t\t\taria-label=\"Pousada Pa\u00e7o do Lavradio, R. Jos\u00e9 Br\u00e1ulio de Santana, 20 S\u00e3o Jo\u00e3o Del Rei, MG\"\n\t\t\t><\/iframe>\n\t\t<\/div>\n\t\t\t\t\t\t<\/div>\n\t\t\t\t<\/div>\n\t\t\t\t\t<\/div>\n\t\t<\/div>\n\t\t\t\t\t<\/div>\n\t\t<\/section>\n\t\t\t\t<section class=\"elementor-section elementor-top-section elementor-element elementor-element-3b82f79 elementor-section-boxed elementor-section-height-default elementor-section-height-default\" data-id=\"3b82f79\" data-element_type=\"section\" data-e-type=\"section\">\n\t\t\t\t\t\t<div class=\"elementor-container elementor-column-gap-default\">\n\t\t\t\t\t<div class=\"elementor-column elementor-col-100 elementor-top-column elementor-element elementor-element-37654bd\" data-id=\"37654bd\" data-element_type=\"column\" data-e-type=\"column\">\n\t\t\t<div class=\"elementor-widget-wrap elementor-element-populated\">\n\t\t\t\t\t\t<div class=\"elementor-element elementor-element-7520d60 elementor-widget elementor-widget-menu-anchor\" data-id=\"7520d60\" data-element_type=\"widget\" data-e-type=\"widget\" data-widget_type=\"menu-anchor.default\">\n\t\t\t\t<div class=\"elementor-widget-container\">\n\t\t\t\t\t\t\t<div class=\"elementor-menu-anchor\" id=\"manacas\"><\/div>\n\t\t\t\t\t\t<\/div>\n\t\t\t\t<\/div>\n\t\t\t\t<div class=\"elementor-element elementor-element-3914ab8 elementor-widget elementor-widget-text-editor\" data-id=\"3914ab8\" data-element_type=\"widget\" data-e-type=\"widget\" data-widget_type=\"text-editor.default\">\n\t\t\t\t<div class=\"elementor-widget-container\">\n\t\t\t\t\t\t\t\t\t<p style=\"text-align: center;\">\u00a0<\/p><h3 style=\"text-align: center;\">Residencial Jardim dos Manac\u00e1s.<\/h3>\t\t\t\t\t\t\t\t<\/div>\n\t\t\t\t<\/div>\n\t\t\t\t\t<\/div>\n\t\t<\/div>\n\t\t\t\t\t<\/div>\n\t\t<\/section>\n\t\t\t\t<section class=\"elementor-section elementor-top-section elementor-element elementor-element-9b558fb elementor-section-height-min-height elementor-section-boxed elementor-section-height-default elementor-section-items-middle\" data-id=\"9b558fb\" data-element_type=\"section\" data-e-type=\"section\" data-settings=\"{&quot;background_background&quot;:&quot;classic&quot;}\">\n\t\t\t\t\t\t<div class=\"elementor-container elementor-column-gap-default\">\n\t\t\t\t\t<div class=\"elementor-column elementor-col-100 elementor-top-column elementor-element elementor-element-681ac94\" data-id=\"681ac94\" data-element_type=\"column\" data-e-type=\"column\" data-settings=\"{&quot;background_background&quot;:&quot;classic&quot;}\">\n\t\t\t<div class=\"elementor-widget-wrap elementor-element-populated\">\n\t\t\t\t\t\t<section class=\"elementor-section elementor-inner-section elementor-element elementor-element-b9b469c elementor-section-height-min-height elementor-section-boxed elementor-section-height-default\" data-id=\"b9b469c\" data-element_type=\"section\" data-e-type=\"section\">\n\t\t\t\t\t\t<div class=\"elementor-container elementor-column-gap-default\">\n\t\t\t\t\t<div class=\"elementor-column elementor-col-50 elementor-inner-column elementor-element elementor-element-f52c5cb\" data-id=\"f52c5cb\" data-element_type=\"column\" data-e-type=\"column\">\n\t\t\t<div class=\"elementor-widget-wrap elementor-element-populated\">\n\t\t\t\t\t\t<div class=\"elementor-element elementor-element-3e5419f elementor-widget elementor-widget-image\" data-id=\"3e5419f\" data-element_type=\"widget\" data-e-type=\"widget\" data-widget_type=\"image.default\">\n\t\t\t\t<div class=\"elementor-widget-container\">\n\t\t\t\t\t\t\t\t\t\t\t\t\t\t\t<img decoding=\"async\" width=\"768\" height=\"576\" src=\"https:\/\/nossafauna.com.br\/wp-content\/uploads\/2021\/12\/Portaria-Manaca\u0301s-768x576.jpg\" class=\"attachment-medium_large size-medium_large wp-image-3079\" alt=\"\" srcset=\"https:\/\/nossafauna.com.br\/wp-content\/uploads\/2021\/12\/Portaria-Manaca\u0301s-768x576.jpg 768w, https:\/\/nossafauna.com.br\/wp-content\/uploads\/2021\/12\/Portaria-Manaca\u0301s-300x225.jpg 300w, https:\/\/nossafauna.com.br\/wp-content\/uploads\/2021\/12\/Portaria-Manaca\u0301s.jpg 800w\" sizes=\"(max-width: 768px) 100vw, 768px\" \/>\t\t\t\t\t\t\t\t\t\t\t\t\t\t\t<\/div>\n\t\t\t\t<\/div>\n\t\t\t\t\t<\/div>\n\t\t<\/div>\n\t\t\t\t<div class=\"elementor-column elementor-col-50 elementor-inner-column elementor-element elementor-element-cc05ed0\" data-id=\"cc05ed0\" data-element_type=\"column\" data-e-type=\"column\">\n\t\t\t<div class=\"elementor-widget-wrap elementor-element-populated\">\n\t\t\t\t\t\t<div class=\"elementor-element elementor-element-8283bde elementor-widget elementor-widget-image\" data-id=\"8283bde\" data-element_type=\"widget\" data-e-type=\"widget\" data-widget_type=\"image.default\">\n\t\t\t\t<div class=\"elementor-widget-container\">\n\t\t\t\t\t\t\t\t\t\t\t\t\t\t\t<img loading=\"lazy\" decoding=\"async\" width=\"225\" height=\"138\" src=\"https:\/\/nossafauna.com.br\/wp-content\/uploads\/2021\/12\/Logo-Manaca\u0301s.png\" class=\"attachment-medium size-medium wp-image-3104\" alt=\"\" \/>\t\t\t\t\t\t\t\t\t\t\t\t\t\t\t<\/div>\n\t\t\t\t<\/div>\n\t\t\t\t<div class=\"elementor-element elementor-element-245fa13 elementor-widget elementor-widget-text-editor\" data-id=\"245fa13\" data-element_type=\"widget\" data-e-type=\"widget\" data-widget_type=\"text-editor.default\">\n\t\t\t\t<div class=\"elementor-widget-container\">\n\t\t\t\t\t\t\t\t\t<p><a href=\"#mapapacolavradio\">Localiza\u00e7\u00e3o<\/a>: Rua dos Manac\u00e1s, 100, Betel, Paul\u00ednia, SP<\/p><p><span style=\"font-size: medium;\">O Residencial Jardim dos Manac\u00e1s situa-se na divisa entre Paul\u00ednia e Campinas. Suas ruas s\u00e3o arborizadas e possui uma \u00e1rea verde com aproximadamente 2 ha, com gramados e \u00e1rvores frut\u00edferas e ornamentais plantadas. O lado leste da propriedade \u00e9 lim\u00edtrofe com uma \u00c1rea de Preserva\u00e7\u00e3o Permanente que est\u00e1 conectada ao Ribeir\u00e3o das Anhumas, que passa a 1300 m do residencial. Estas caracter\u00edsticas fazem do Manac\u00e1s um local bem frequentado pela fauna nativa.<\/span><\/p>\t\t\t\t\t\t\t\t<\/div>\n\t\t\t\t<\/div>\n\t\t\t\t\t<\/div>\n\t\t<\/div>\n\t\t\t\t\t<\/div>\n\t\t<\/section>\n\t\t\t\t\t<\/div>\n\t\t<\/div>\n\t\t\t\t\t<\/div>\n\t\t<\/section>\n\t\t\t\t<section class=\"elementor-section elementor-top-section elementor-element elementor-element-df3c336 elementor-section-boxed elementor-section-height-default elementor-section-height-default\" data-id=\"df3c336\" data-element_type=\"section\" data-e-type=\"section\" data-settings=\"{&quot;background_background&quot;:&quot;classic&quot;}\">\n\t\t\t\t\t\t<div class=\"elementor-container elementor-column-gap-default\">\n\t\t\t\t\t<div class=\"elementor-column elementor-col-100 elementor-top-column elementor-element elementor-element-4dea893\" data-id=\"4dea893\" data-element_type=\"column\" data-e-type=\"column\" data-settings=\"{&quot;background_background&quot;:&quot;classic&quot;}\">\n\t\t\t<div class=\"elementor-widget-wrap elementor-element-populated\">\n\t\t\t\t\t\t<div class=\"elementor-element elementor-element-8fe6eeb elementor-widget elementor-widget-text-editor\" data-id=\"8fe6eeb\" data-element_type=\"widget\" data-e-type=\"widget\" data-widget_type=\"text-editor.default\">\n\t\t\t\t<div class=\"elementor-widget-container\">\n\t\t\t\t\t\t\t\t\t<div style=\"border-radius: 25px; background-color: #c4ddb2; padding: 20px; text-align: left;\"><p style=\"text-align: center;\"><span style=\"font-size: medium;\">Para baixar a lista completa da fauna do Manac\u00e1s <a href=\"http:\/\/nossafauna.com.br\/wp-content\/uploads\/2023\/03\/Lista-de-fauna-Residencial-Manaca\u0301s.pdf\">clique aqui<\/a>.<\/span><\/p><\/div>\t\t\t\t\t\t\t\t<\/div>\n\t\t\t\t<\/div>\n\t\t\t\t\t<\/div>\n\t\t<\/div>\n\t\t\t\t\t<\/div>\n\t\t<\/section>\n\t\t\t\t<section class=\"elementor-section elementor-top-section elementor-element elementor-element-d38b6ae elementor-section-boxed elementor-section-height-default elementor-section-height-default\" data-id=\"d38b6ae\" data-element_type=\"section\" data-e-type=\"section\" data-settings=\"{&quot;background_background&quot;:&quot;classic&quot;}\">\n\t\t\t\t\t\t<div class=\"elementor-container elementor-column-gap-default\">\n\t\t\t\t\t<div class=\"elementor-column elementor-col-100 elementor-top-column elementor-element elementor-element-d0b6d25\" data-id=\"d0b6d25\" data-element_type=\"column\" data-e-type=\"column\">\n\t\t\t<div class=\"elementor-widget-wrap elementor-element-populated\">\n\t\t\t\t\t\t<div class=\"elementor-element elementor-element-e89e77f elementor-widget elementor-widget-menu-anchor\" data-id=\"e89e77f\" data-element_type=\"widget\" data-e-type=\"widget\" data-widget_type=\"menu-anchor.default\">\n\t\t\t\t<div class=\"elementor-widget-container\">\n\t\t\t\t\t\t\t<div class=\"elementor-menu-anchor\" id=\"mapapacolavradio\"><\/div>\n\t\t\t\t\t\t<\/div>\n\t\t\t\t<\/div>\n\t\t\t\t<div class=\"elementor-element elementor-element-e057e09 elementor-widget elementor-widget-google_maps\" data-id=\"e057e09\" data-element_type=\"widget\" data-e-type=\"widget\" data-widget_type=\"google_maps.default\">\n\t\t\t\t<div class=\"elementor-widget-container\">\n\t\t\t\t\t\t\t<div class=\"elementor-custom-embed\">\n\t\t\t<iframe loading=\"lazy\"\n\t\t\t\t\tsrc=\"https:\/\/maps.google.com\/maps?q=Residencial%20Jardim%20dos%20Manac%C3%A1s%2C%20Rua%20dos%20Manac%C3%A1s%2C%20100%20Paul%C3%ADnia%2C%20SP&#038;t=m&#038;z=10&#038;output=embed&#038;iwloc=near\"\n\t\t\t\t\ttitle=\"Residencial Jardim dos Manac\u00e1s, Rua dos Manac\u00e1s, 100 Paul\u00ednia, SP\"\n\t\t\t\t\taria-label=\"Residencial Jardim dos Manac\u00e1s, Rua dos Manac\u00e1s, 100 Paul\u00ednia, SP\"\n\t\t\t><\/iframe>\n\t\t<\/div>\n\t\t\t\t\t\t<\/div>\n\t\t\t\t<\/div>\n\t\t\t\t\t<\/div>\n\t\t<\/div>\n\t\t\t\t\t<\/div>\n\t\t<\/section>\n\t\t\t\t<\/div>\n\t\t","protected":false},"excerpt":{"rendered":"<p>Localiza\u00e7\u00e3o: S\u00e3o Jo\u00e3o Del Rei, MG Visitar website: www.pacodolavradio.com.br Na Pousada Pa\u00e7o do Lavradio, al\u00e9m de desfrutar do descanso em meio a um ambiente aconchegante, voc\u00ea poder\u00e1 conhecer v\u00e1rios animais que dar\u00e3o \u00e0 sua estadia um colorido especial. Para baixar a lista completa da fauna da Pa\u00e7o do Lavradio clique aqui.Para baixar o Guia das [&hellip;]<\/p>\n","protected":false},"author":1,"featured_media":0,"parent":0,"menu_order":0,"comment_status":"closed","ping_status":"closed","template":"","meta":{"site-sidebar-layout":"no-sidebar","site-content-layout":"page-builder","ast-site-content-layout":"default","site-content-style":"default","site-sidebar-style":"default","ast-global-header-display":"","ast-banner-title-visibility":"","ast-main-header-display":"","ast-hfb-above-header-display":"","ast-hfb-below-header-display":"","ast-hfb-mobile-header-display":"","site-post-title":"disabled","ast-breadcrumbs-content":"","ast-featured-img":"disabled","footer-sml-layout":"","theme-transparent-header-meta":"default","adv-header-id-meta":"","stick-header-meta":"","header-above-stick-meta":"","header-main-stick-meta":"","header-below-stick-meta":"","astra-migrate-meta-layouts":"default","ast-page-background-enabled":"default","ast-page-background-meta":{"desktop":{"background-color":"var(--ast-global-color-4)","background-image":"","background-repeat":"repeat","background-position":"center center","background-size":"auto","background-attachment":"scroll","background-type":"","background-media":"","overlay-type":"","overlay-color":"","overlay-opacity":"","overlay-gradient":""},"tablet":{"background-color":"","background-image":"","background-repeat":"repeat","background-position":"center center","background-size":"auto","background-attachment":"scroll","background-type":"","background-media":"","overlay-type":"","overlay-color":"","overlay-opacity":"","overlay-gradient":""},"mobile":{"background-color":"","background-image":"","background-repeat":"repeat","background-position":"center center","background-size":"auto","background-attachment":"scroll","background-type":"","background-media":"","overlay-type":"","overlay-color":"","overlay-opacity":"","overlay-gradient":""}},"ast-content-background-meta":{"desktop":{"background-color":"var(--ast-global-color-5)","background-image":"","background-repeat":"repeat","background-position":"center center","background-size":"auto","background-attachment":"scroll","background-type":"","background-media":"","overlay-type":"","overlay-color":"","overlay-opacity":"","overlay-gradient":""},"tablet":{"background-color":"var(--ast-global-color-5)","background-image":"","background-repeat":"repeat","background-position":"center center","background-size":"auto","background-attachment":"scroll","background-type":"","background-media":"","overlay-type":"","overlay-color":"","overlay-opacity":"","overlay-gradient":""},"mobile":{"background-color":"var(--ast-global-color-5)","background-image":"","background-repeat":"repeat","background-position":"center center","background-size":"auto","background-attachment":"scroll","background-type":"","background-media":"","overlay-type":"","overlay-color":"","overlay-opacity":"","overlay-gradient":""}},"footnotes":""},"categories":[17],"tags":[],"class_list":["post-633","page","type-page","status-publish","hentry","category-parceiros"],"_links":{"self":[{"href":"https:\/\/nossafauna.com.br\/index.php?rest_route=\/wp\/v2\/pages\/633","targetHints":{"allow":["GET"]}}],"collection":[{"href":"https:\/\/nossafauna.com.br\/index.php?rest_route=\/wp\/v2\/pages"}],"about":[{"href":"https:\/\/nossafauna.com.br\/index.php?rest_route=\/wp\/v2\/types\/page"}],"author":[{"embeddable":true,"href":"https:\/\/nossafauna.com.br\/index.php?rest_route=\/wp\/v2\/users\/1"}],"replies":[{"embeddable":true,"href":"https:\/\/nossafauna.com.br\/index.php?rest_route=%2Fwp%2Fv2%2Fcomments&post=633"}],"version-history":[{"count":268,"href":"https:\/\/nossafauna.com.br\/index.php?rest_route=\/wp\/v2\/pages\/633\/revisions"}],"predecessor-version":[{"id":6312,"href":"https:\/\/nossafauna.com.br\/index.php?rest_route=\/wp\/v2\/pages\/633\/revisions\/6312"}],"wp:attachment":[{"href":"https:\/\/nossafauna.com.br\/index.php?rest_route=%2Fwp%2Fv2%2Fmedia&parent=633"}],"wp:term":[{"taxonomy":"category","embeddable":true,"href":"https:\/\/nossafauna.com.br\/index.php?rest_route=%2Fwp%2Fv2%2Fcategories&post=633"},{"taxonomy":"post_tag","embeddable":true,"href":"https:\/\/nossafauna.com.br\/index.php?rest_route=%2Fwp%2Fv2%2Ftags&post=633"}],"curies":[{"name":"wp","href":"https:\/\/api.w.org\/{rel}","templated":true}]}}